{"id":15,"date":"2020-11-07T21:34:07","date_gmt":"2020-11-07T20:34:07","guid":{"rendered":"https:\/\/boutique.mifuguemiraison.com\/?page_id=15"},"modified":"2020-11-08T00:27:15","modified_gmt":"2020-11-07T23:27:15","slug":"accueil","status":"publish","type":"page","link":"https:\/\/boutique.mifuguemiraison.com\/","title":{"rendered":"Page d&rsquo;accueil"},"content":{"rendered":"\n<div style=\"height:50px\" aria-hidden=\"true\" class=\"wp-block-spacer\"><\/div>\n\n\n\n<div class=\"wp-block-columns has-background\" style=\"background-color:#e1efea\">\n<div class=\"wp-block-column\" style=\"flex-basis:33.33%\">\n<div style=\"height:20px\" aria-hidden=\"true\" class=\"wp-block-spacer\"><\/div>\n\n\n\n<h2>Bienvenue dans notre boutique !<\/h2>\n\n\n\n<p>Nous proposons ici des tirages photo de grande qualit\u00e9 sur le th\u00e8me voyage, id\u00e9ales pour d\u00e9corer une pi\u00e8ce.<\/p>\n\n\n\n<div class=\"wp-block-buttons\">\n<div class=\"wp-block-button is-style-fill\"><a class=\"wp-block-button__link has-white-color has-text-color has-background\" style=\"background-color:#5d5d5d\">Parcourez la galerie virtuelle<\/a><\/div>\n<\/div>\n\n\n\n<div style=\"height:20px\" aria-hidden=\"true\" class=\"wp-block-spacer\"><\/div>\n<\/div>\n\n\n\n<div class=\"wp-block-column\" style=\"flex-basis:66.66%\">\n<figure class=\"wp-block-image size-large\"><img loading=\"lazy\" width=\"732\" height=\"488\" src=\"https:\/\/boutique.mifuguemiraison.com\/wp-content\/uploads\/2020\/11\/chambre-cadre-idee-decoration.jpg\" alt=\"\" class=\"wp-image-19\" srcset=\"https:\/\/boutique.mifuguemiraison.com\/wp-content\/uploads\/2020\/11\/chambre-cadre-idee-decoration.jpg 732w, https:\/\/boutique.mifuguemiraison.com\/wp-content\/uploads\/2020\/11\/chambre-cadre-idee-decoration-416x277.jpg 416w, https:\/\/boutique.mifuguemiraison.com\/wp-content\/uploads\/2020\/11\/chambre-cadre-idee-decoration-300x200.jpg 300w, https:\/\/boutique.mifuguemiraison.com\/wp-content\/uploads\/2020\/11\/chambre-cadre-idee-decoration-20x12.jpg 20w\" sizes=\"(max-width: 732px) 100vw, 732px\" \/><\/figure>\n<\/div>\n<\/div>\n\n\n\n<div style=\"height:20px\" aria-hidden=\"true\" class=\"wp-block-spacer\"><\/div>\n\n\n<div class=\"wc-block-grid wp-block-handpicked-products wc-block-handpicked-products has-3-columns has-multiple-rows\"><ul class=\"wc-block-grid__products\"><li class=\"wc-block-grid__product\">\n\t\t\t\t<a href=\"https:\/\/boutique.mifuguemiraison.com\/?product=la-chasse-aux-feuilles-dautomne\" class=\"wc-block-grid__product-link\">\n\t\t\t\t\t<div class=\"wc-block-grid__product-image\"><img width=\"324\" height=\"324\" src=\"https:\/\/boutique.mifuguemiraison.com\/wp-content\/uploads\/2020\/11\/aquarelle-fille-automne-small-scaled-324x324.jpg\" class=\"attachment-woocommerce_thumbnail size-woocommerce_thumbnail\" alt=\"\" loading=\"lazy\" srcset=\"https:\/\/boutique.mifuguemiraison.com\/wp-content\/uploads\/2020\/11\/aquarelle-fille-automne-small-scaled-324x324.jpg 324w, https:\/\/boutique.mifuguemiraison.com\/wp-content\/uploads\/2020\/11\/aquarelle-fille-automne-small-scaled-100x100.jpg 100w, https:\/\/boutique.mifuguemiraison.com\/wp-content\/uploads\/2020\/11\/aquarelle-fille-automne-small-scaled-150x150.jpg 150w\" sizes=\"(max-width: 324px) 100vw, 324px\" \/><\/div>\n\t\t\t\t\t<div class=\"wc-block-grid__product-title\">La chasse aux feuilles d&rsquo;automne<\/div>\n\t\t\t\t<\/a>\n\t\t\t\t\n\t\t\t\t<div class=\"wc-block-grid__product-price price\"><span class=\"woocommerce-Price-amount amount\"><bdi><span class=\"woocommerce-Price-currencySymbol\">&euro;<\/span>35,00<\/bdi><\/span><\/div>\n\t\t\t\t\n\t\t\t\t<div class=\"wp-block-button wc-block-grid__product-add-to-cart\"><a href=\"?add-to-cart=38\" aria-label=\"Ajouter &ldquo;La chasse aux feuilles d&#039;automne&rdquo; \u00e0 votre panier\" data-quantity=\"1\" data-product_id=\"38\" data-product_sku=\"\" rel=\"nofollow\" class=\"wp-block-button__link add_to_cart_button ajax_add_to_cart\">Ajouter au panier<\/a><\/div>\n\t\t\t<\/li><li class=\"wc-block-grid__product\">\n\t\t\t\t<a href=\"https:\/\/boutique.mifuguemiraison.com\/?product=vaches-normandes\" class=\"wc-block-grid__product-link\">\n\t\t\t\t\t<div class=\"wc-block-grid__product-image\"><img width=\"324\" height=\"324\" src=\"https:\/\/boutique.mifuguemiraison.com\/wp-content\/uploads\/2020\/11\/foret-paysage-seine-maritime-gonneville-1-scaled-324x324.jpg\" class=\"attachment-woocommerce_thumbnail size-woocommerce_thumbnail\" alt=\"\" loading=\"lazy\" srcset=\"https:\/\/boutique.mifuguemiraison.com\/wp-content\/uploads\/2020\/11\/foret-paysage-seine-maritime-gonneville-1-scaled-324x324.jpg 324w, https:\/\/boutique.mifuguemiraison.com\/wp-content\/uploads\/2020\/11\/foret-paysage-seine-maritime-gonneville-1-scaled-100x100.jpg 100w, https:\/\/boutique.mifuguemiraison.com\/wp-content\/uploads\/2020\/11\/foret-paysage-seine-maritime-gonneville-1-scaled-150x150.jpg 150w\" sizes=\"(max-width: 324px) 100vw, 324px\" \/><\/div>\n\t\t\t\t\t<div class=\"wc-block-grid__product-title\">Vaches normandes<\/div>\n\t\t\t\t<\/a>\n\t\t\t\t\n\t\t\t\t<div class=\"wc-block-grid__product-price price\"><\/div>\n\t\t\t\t\n\t\t\t\t<div class=\"wp-block-button wc-block-grid__product-add-to-cart\"><a href=\"https:\/\/boutique.mifuguemiraison.com\/?product=vaches-normandes\" aria-label=\"S\u00e9lectionner les options pour &ldquo;Vaches normandes&rdquo;\" data-quantity=\"1\" data-product_id=\"35\" data-product_sku=\"\" rel=\"nofollow\" class=\"wp-block-button__link add_to_cart_button\">Choix des options<\/a><\/div>\n\t\t\t<\/li><\/ul><\/div>","protected":false},"excerpt":{"rendered":"<p>Bienvenue dans notre boutique ! Nous proposons ici des tirages photo de grande qualit\u00e9 sur le th\u00e8me voyage, id\u00e9ales pour d\u00e9corer une pi\u00e8ce.<\/p>\n","protected":false},"author":1,"featured_media":0,"parent":0,"menu_order":0,"comment_status":"closed","ping_status":"closed","template":"","meta":[],"_links":{"self":[{"href":"https:\/\/boutique.mifuguemiraison.com\/index.php?rest_route=\/wp\/v2\/pages\/15"}],"collection":[{"href":"https:\/\/boutique.mifuguemiraison.com\/index.php?rest_route=\/wp\/v2\/pages"}],"about":[{"href":"https:\/\/boutique.mifuguemiraison.com\/index.php?rest_route=\/wp\/v2\/types\/page"}],"author":[{"embeddable":true,"href":"https:\/\/boutique.mifuguemiraison.com\/index.php?rest_route=\/wp\/v2\/users\/1"}],"replies":[{"embeddable":true,"href":"https:\/\/boutique.mifuguemiraison.com\/index.php?rest_route=%2Fwp%2Fv2%2Fcomments&post=15"}],"version-history":[{"count":11,"href":"https:\/\/boutique.mifuguemiraison.com\/index.php?rest_route=\/wp\/v2\/pages\/15\/revisions"}],"predecessor-version":[{"id":43,"href":"https:\/\/boutique.mifuguemiraison.com\/index.php?rest_route=\/wp\/v2\/pages\/15\/revisions\/43"}],"wp:attachment":[{"href":"https:\/\/boutique.mifuguemiraison.com\/index.php?rest_route=%2Fwp%2Fv2%2Fmedia&parent=15"}],"curies":[{"name":"wp","href":"https:\/\/api.w.org\/{rel}","templated":true}]}}